{"id":115,"date":"2020-09-16T01:42:39","date_gmt":"2020-09-15T23:42:39","guid":{"rendered":"https:\/\/localhost\/wordpress-5.4.2\/wordpress\/?page_id=115"},"modified":"2021-01-06T17:44:51","modified_gmt":"2021-01-06T16:44:51","slug":"impressum","status":"publish","type":"page","link":"https:\/\/ff-gottsdorf.projects2020.sz-ybbs.ac.at\/wordpress\/?page_id=115","title":{"rendered":"Impressum"},"content":{"rendered":"\t\t<div data-elementor-type=\"wp-page\" data-elementor-id=\"115\" class=\"elementor elementor-115\" data-elementor-settings=\"[]\">\n\t\t\t\t\t\t<div class=\"elementor-inner\">\n\t\t\t\t\t\t\t<div class=\"elementor-section-wrap\">\n\t\t\t\t\t\t\t<section class=\"elementor-section elementor-top-section elementor-element elementor-element-58afe47 elementor-section-boxed elementor-section-height-default elementor-section-height-default\" data-id=\"58afe47\" data-element_type=\"section\">\n\t\t\t\t\t\t<div class=\"elementor-container elementor-column-gap-default\">\n\t\t\t\t\t\t\t<div class=\"elementor-row\">\n\t\t\t\t\t<div class=\"elementor-column elementor-col-100 elementor-top-column elementor-element elementor-element-1ae6678\" data-id=\"1ae6678\" data-element_type=\"column\">\n\t\t\t<div class=\"elementor-column-wrap elementor-element-populated\">\n\t\t\t\t\t\t\t<div class=\"elementor-widget-wrap\">\n\t\t\t\t\t\t<div class=\"elementor-element elementor-element-85702e2 animated-fast elementor-invisible elementor-widget elementor-widget-text-editor\" data-id=\"85702e2\" data-element_type=\"widget\" data-settings=\"{&quot;_animation&quot;:&quot;fadeInUp&quot;}\" data-widget_type=\"text-editor.default\">\n\t\t\t\t<div class=\"elementor-widget-container\">\n\t\t\t\t\t<div class=\"elementor-text-editor elementor-clearfix\"><h3><span style=\"color: #333333;\">Impressum\u00a0<\/span><\/h3><h4><span style=\"color: #808080;\">Dieser Artikel erf\u00fcllt die nach den diversen \u00f6sterreichischen Gesetzen notwendige Kennzeichnungspflicht, insbesondere wird der Information nach \u00a7 5 ECG, der Impressumspflicht nach \u00a7 24\u00a0MedienG\u00a0und der Offenlegungspflicht nach \u00a7 25\u00a0MedienG\u00a0nachgekommen \u2013 ungeachtet dessen, ob diese Pflichten tats\u00e4chlich von dieser Website erf\u00fcllt werden m\u00fcssten.\u00a0<\/span><\/h4><h4><span style=\"color: #808080;\">Alle Inhalte und Bilder sofern nicht anders angegeben \u00a9\u00a0by\u00a0Freiwillige Feuerwehr\u00a0Gottsdorf.\u00a0<\/span><br \/><span style=\"color: #808080;\">Verwendung und Vervielf\u00e4ltigung nur mit ausdr\u00fccklicher Zustimmung der FF\u00a0Gottsdorf.\u00a0<\/span><\/h4><h4><span style=\"color: #808080;\">Impressum laut Mediengesetz \u00a7 24\u00a0<\/span><\/h4><h4><span style=\"color: #333333;\"><b>Medieninhaber und Hersteller:<\/b> <br \/><\/span><span style=\"color: #808080;\">Freiwillige Feuerwehr Gottsdorf\u00a0<\/span><br \/><span style=\"color: #808080;\">Donaustrasse\u00a02c, 3680\u00a0Persenbeug- Gottsdorf, \u00d6sterreich\u00a0<\/span><\/h4><h4><span style=\"color: #333333;\"><b>Herausgeber:<\/b>\u00a0<\/span><br \/><span style=\"color: #808080;\">Freiwillige Feuerwehr\u00a0Gottsdorf\u00a0<\/span><br \/><span style=\"color: #808080;\">Donaustrasse\u00a02c, 3680\u00a0Persenbeug- Gottsdorf, \u00d6sterreich\u00a0<\/span><\/h4><h4><span style=\"color: #333333;\"><b>Redaktion:<\/b>\u00a0<\/span><br \/><span style=\"color: #808080;\">HBI\u00a0Lukas Sch\u00f6ller\u00a0<\/span><br \/><span style=\"color: #808080;\">V\u00a0Patrick Becksteiner\u00a0<\/span><br \/><span style=\"color: #808080;\">FM Kerstin Schachenhofer\u00a0<\/span><br \/><span style=\"color: #808080;\" data-ccp-props=\"{\">\u00a0<\/span><\/h4><h4><span style=\"color: #808080;\">Offenlegung laut Mediengesetz \u00a7 25\u00a0<\/span><\/h4><h4><span style=\"color: #333333;\"><b>Medieninhaber:<\/b>\u00a0<\/span><br \/><span style=\"color: #808080;\">Freiwillige Feuerwehr\u00a0Gottsdorf\u00a0<\/span><br \/><span style=\"color: #808080;\">Donaustrasse\u00a02c, 3680\u00a0Persenbeug- Gottsdorf, \u00d6sterreich\u00a0<\/span><\/h4><h4><span style=\"color: #333333;\"><b>Feuerwehrkommando:<\/b>\u00a0<\/span><br \/><span style=\"color: #808080;\">HBI\u00a0Lukas Sch\u00f6ller\u00a0<\/span><br \/><span style=\"color: #808080;\">OBI\u00a0Stefan Birbaumer\u00a0<\/span><br \/><span style=\"color: #808080;\">OV Andreas Fichtinger\u00a0<\/span><\/h4><h4><span style=\"color: #333333;\">Grundlegende Richtung:\u00a0<\/span><br \/><span style=\"color: #808080;\">Die Homepage der Freiwilligen Feuerwehr\u00a0Gottsdorf\u00a0dient der F\u00f6rderung der T\u00e4tigkeiten des Feuerwehrwesens im Allgemeinen \u202fund der der FF\u00a0Gottsdorf\u00a0im Besonderen. Die gesamten Inhalte und Informationen werden unentgeltlich von Mitgliedern der FF erbracht. Sollten etwaige Links auf der Webseite zu fragw\u00fcrdigen Inhalten f\u00fchren bitte um Information an\u00a0gottsdorf@feuerwehr.gv.at um den Irrtum schnellstm\u00f6glich zu korrigieren. Aus den Informationen zu Eins\u00e4tzen k\u00f6nnen keine R\u00fcckschl\u00fcsse auf Schuldfragen und Verursacher gezogen werden. Sollten Verst\u00f6\u00dfe gegen das Urheberrechtsgesetz oder das Mediengesetz entdeckt werden, wenden \u202fSie sich bitte direkt an uns.\u00a0<\/span><\/h4><h4><span style=\"color: #808080;\">Informationspflicht nach \u00a7 5 E-Commerce-Gesetz\u00a0<\/span><\/h4><h4><span style=\"color: #333333;\"><b>Medieninhaber:<\/b>\u00a0<\/span><br \/><span style=\"color: #808080;\">Freiwillige Feuerwehr\u00a0Gottsdorf\u00a0<\/span><br \/><span style=\"color: #808080;\">Donaustrasse\u00a02c, 3680\u00a0Persenbeug- Gottsdorf, \u00d6sterreich\u00a0<\/span><\/h4><h4><span style=\"color: #333333;\"><b>Erreichbarkeit im Internet:<\/b>\u00a0<\/span><br \/><span style=\"color: #808080;\">www.ff-gottsdorf.at\u00a0<\/span><br \/><span style=\"color: #808080;\">gottsdorf@feuerwehr.gv.at\u00a0<\/span><\/h4><h4><span style=\"color: #333333;\"><b>Per Draht\u202f<\/b>\u00a0<\/span><br \/><span style=\"color: #808080;\">Telefon: +43 7412\/55122\u00a0<\/span><br \/><span style=\"color: #808080;\">Notruf: 122\u00a0<\/span><\/h4><h4><span style=\"color: #333333;\"><b>Aufsichtsbeh\u00f6rden sowie Mitgliedschaft in Organisationsstrukturen:<\/b>\u00a0<\/span><\/h4><h4><span style=\"color: #808080;\">Die Freiwillige Feuerwehr\u00a0Gottsdorf\u00a0ist eine K\u00f6rperschaft des \u00f6ffentlichen Rechts und ist als solche im nieder\u00f6sterreichischen Feuerwehrregister\u00a0unter der Feuerwehrnummer 12305\u00a0eingetragen. Allf\u00e4llige Aufsichtspflichten in beh\u00f6rdlicher Hinsicht werden durch die Person des B\u00fcrgermeisters sowie durch die Abteilung IVW4 der N\u00d6. Landesregierung (3430 Tulln,\u00a0Langenlebarner\u00a0Stra\u00dfe 106) wahrgenommen. In dienstrechtlicher Hinsicht ist das Abschnittsfeuerwehrkommando Persenbeug (Donaustrasse\u00a01\/2,\u202f3671Marbach an der Donau), das Bezirksfeuerwehrkommando\u00a0Melk\u00a0(Regensburgerstra\u00dfe\u00a046,\u202f3380 P\u00f6chlarn) sowie der N\u00d6. Landesfeuerwehrverband (Langenlebarner\u00a0Stra\u00dfe 108, 3430 Tulln) zust\u00e4ndig.\u00a0<\/span><\/h4><\/div>\n\t\t\t\t<\/div>\n\t\t\t\t<\/div>\n\t\t\t\t\t\t<\/div>\n\t\t\t\t\t<\/div>\n\t\t<\/div>\n\t\t\t\t\t\t\t\t<\/div>\n\t\t\t\t\t<\/div>\n\t\t<\/section>\n\t\t\t\t\t\t<\/div>\n\t\t\t\t\t\t<\/div>\n\t\t\t\t\t<\/div>\n\t\t","protected":false},"excerpt":{"rendered":"<p>Impressum\u00a0 Dieser Artikel erf\u00fcllt die nach den diversen \u00f6sterreichischen Gesetzen notwendige Kennzeichnungspflicht, insbesondere wird der Information nach \u00a7 5 ECG, der Impressumspflicht nach \u00a7 24\u00a0MedienG\u00a0und der Offenlegungspflicht nach \u00a7 25\u00a0MedienG\u00a0nachgekommen \u2013 ungeachtet dessen, ob diese Pflichten tats\u00e4chlich von dieser Website erf\u00fcllt werden m\u00fcssten.\u00a0 Alle Inhalte und Bilder sofern nicht anders angegeben \u00a9\u00a0by\u00a0Freiwillige Feuerwehr\u00a0Gottsdorf.\u00a0Verwendung und Vervielf\u00e4ltigung [&hellip;]<\/p>\n","protected":false},"author":1,"featured_media":0,"parent":0,"menu_order":0,"comment_status":"closed","ping_status":"closed","template":"","meta":[],"_links":{"self":[{"href":"https:\/\/ff-gottsdorf.projects2020.sz-ybbs.ac.at\/wordpress\/index.php?rest_route=\/wp\/v2\/pages\/115"}],"collection":[{"href":"https:\/\/ff-gottsdorf.projects2020.sz-ybbs.ac.at\/wordpress\/index.php?rest_route=\/wp\/v2\/pages"}],"about":[{"href":"https:\/\/ff-gottsdorf.projects2020.sz-ybbs.ac.at\/wordpress\/index.php?rest_route=\/wp\/v2\/types\/page"}],"author":[{"embeddable":true,"href":"https:\/\/ff-gottsdorf.projects2020.sz-ybbs.ac.at\/wordpress\/index.php?rest_route=\/wp\/v2\/users\/1"}],"replies":[{"embeddable":true,"href":"https:\/\/ff-gottsdorf.projects2020.sz-ybbs.ac.at\/wordpress\/index.php?rest_route=%2Fwp%2Fv2%2Fcomments&post=115"}],"version-history":[{"count":40,"href":"https:\/\/ff-gottsdorf.projects2020.sz-ybbs.ac.at\/wordpress\/index.php?rest_route=\/wp\/v2\/pages\/115\/revisions"}],"predecessor-version":[{"id":1371,"href":"https:\/\/ff-gottsdorf.projects2020.sz-ybbs.ac.at\/wordpress\/index.php?rest_route=\/wp\/v2\/pages\/115\/revisions\/1371"}],"wp:attachment":[{"href":"https:\/\/ff-gottsdorf.projects2020.sz-ybbs.ac.at\/wordpress\/index.php?rest_route=%2Fwp%2Fv2%2Fmedia&parent=115"}],"curies":[{"name":"wp","href":"https:\/\/api.w.org\/{rel}","templated":true}]}}